{"id":52,"date":"2019-10-02T13:45:37","date_gmt":"2019-10-02T13:45:37","guid":{"rendered":"http:\/\/www.zpk.sk\/?page_id=52"},"modified":"2024-11-12T13:06:23","modified_gmt":"2024-11-12T13:06:23","slug":"o-zpk","status":"publish","type":"page","link":"https:\/\/www.zpk.sk\/","title":{"rendered":"O ZPK"},"content":{"rendered":"<p>[vc_row][vc_column][layerslider_vc id=&#8220;2&#8243;][\/vc_column][\/vc_row][vc_row][vc_column][vc_column_text]<\/p>\n<h5 style=\"text-align: center;\">Zdru\u017eenie prev\u00e1dzkovate\u013eov k\u00edn je zdru\u017een\u00edm, ktor\u00e9 vytv\u00e1ra trval\u00fa spolupr\u00e1cu so \u0161t\u00e1tnymi a z\u00e1konodarn\u00fdmi org\u00e1nmi a distrib\u00fatormi v SR i v zahrani\u010d\u00ed za \u00fa\u010delom zachovania a rozvoja k\u00edn na Slovensku. Riadi a zabezpe\u010duje rie\u0161enia odborn\u00fdch potrieb svojich \u010dlenov, zvy\u0161ovanie odbornej \u00farovne a kvalifik\u00e1cie. Organizuje a usmer\u0148uje v\u00fdmeny odborn\u00fdch sk\u00fasenost\u00ed a pravideln\u00e9 informovanie \u010dlenov o aktu\u00e1lnych ot\u00e1zkach filmu, k\u00edn a kinematografie.<\/h5>\n<p>[\/vc_column_text][\/vc_column][\/vc_row]<\/p>\n","protected":false},"excerpt":{"rendered":"<p>[vc_row][vc_column][layerslider_vc id=&#8220;2&#8243;][\/vc_column][\/vc_row][vc_row][vc_column][vc_column_text] Zdru\u017eenie prev\u00e1dzkovate\u013eov k\u00edn je zdru\u017een\u00edm, ktor\u00e9 vytv\u00e1ra trval\u00fa spolupr\u00e1cu so \u0161t\u00e1tnymi a z\u00e1konodarn\u00fdmi org\u00e1nmi a distrib\u00fatormi v SR i v zahrani\u010d\u00ed za \u00fa\u010delom zachovania a rozvoja k\u00edn na Slovensku. Riadi a zabezpe\u010duje rie\u0161enia odborn\u00fdch potrieb svojich \u010dlenov, zvy\u0161ovanie odbornej \u00farovne a kvalifik\u00e1cie. Organizuje a usmer\u0148uje v\u00fdmeny odborn\u00fdch sk\u00fasenost\u00ed a pravideln\u00e9 informovanie \u010dlenov o&#8230; <\/p>\n<div class=\"clear\"><\/div>\n<p><a href=\"https:\/\/www.zpk.sk\/\" class=\"gdlr-button without-border excerpt-read-more\">Read More<\/a><\/p>\n","protected":false},"author":1,"featured_media":0,"parent":0,"menu_order":0,"comment_status":"closed","ping_status":"closed","template":"","meta":{"footnotes":""},"class_list":["post-52","page","type-page","status-publish","hentry"],"_links":{"self":[{"href":"https:\/\/www.zpk.sk\/index.php?rest_route=\/wp\/v2\/pages\/52","targetHints":{"allow":["GET"]}}],"collection":[{"href":"https:\/\/www.zpk.sk\/index.php?rest_route=\/wp\/v2\/pages"}],"about":[{"href":"https:\/\/www.zpk.sk\/index.php?rest_route=\/wp\/v2\/types\/page"}],"author":[{"embeddable":true,"href":"https:\/\/www.zpk.sk\/index.php?rest_route=\/wp\/v2\/users\/1"}],"replies":[{"embeddable":true,"href":"https:\/\/www.zpk.sk\/index.php?rest_route=%2Fwp%2Fv2%2Fcomments&post=52"}],"version-history":[{"count":10,"href":"https:\/\/www.zpk.sk\/index.php?rest_route=\/wp\/v2\/pages\/52\/revisions"}],"predecessor-version":[{"id":656,"href":"https:\/\/www.zpk.sk\/index.php?rest_route=\/wp\/v2\/pages\/52\/revisions\/656"}],"wp:attachment":[{"href":"https:\/\/www.zpk.sk\/index.php?rest_route=%2Fwp%2Fv2%2Fmedia&parent=52"}],"curies":[{"name":"wp","href":"https:\/\/api.w.org\/{rel}","templated":true}]}}