{"id":72,"date":"2019-10-02T14:14:10","date_gmt":"2019-10-02T14:14:10","guid":{"rendered":"http:\/\/www.zpk.sk\/?page_id=72"},"modified":"2019-10-03T19:57:54","modified_gmt":"2019-10-03T19:57:54","slug":"dokumenty","status":"publish","type":"page","link":"https:\/\/www.zpk.sk\/?page_id=72","title":{"rendered":"Dokumenty"},"content":{"rendered":"<p>[vc_row][vc_column][vc_column_text]Moment\u00e1lne nie s\u00fa \u017eiadne dokumenty[\/vc_column_text][\/vc_column][\/vc_row]<\/p>\n","protected":false},"excerpt":{"rendered":"<p>[vc_row][vc_column][vc_column_text]Moment\u00e1lne nie s\u00fa \u017eiadne dokumenty[\/vc_column_text][\/vc_column][\/vc_row]<\/p>\n","protected":false},"author":1,"featured_media":0,"parent":52,"menu_order":0,"comment_status":"closed","ping_status":"closed","template":"","meta":{"footnotes":""},"class_list":["post-72","page","type-page","status-publish","hentry"],"_links":{"self":[{"href":"https:\/\/www.zpk.sk\/index.php?rest_route=\/wp\/v2\/pages\/72","targetHints":{"allow":["GET"]}}],"collection":[{"href":"https:\/\/www.zpk.sk\/index.php?rest_route=\/wp\/v2\/pages"}],"about":[{"href":"https:\/\/www.zpk.sk\/index.php?rest_route=\/wp\/v2\/types\/page"}],"author":[{"embeddable":true,"href":"https:\/\/www.zpk.sk\/index.php?rest_route=\/wp\/v2\/users\/1"}],"replies":[{"embeddable":true,"href":"https:\/\/www.zpk.sk\/index.php?rest_route=%2Fwp%2Fv2%2Fcomments&post=72"}],"version-history":[{"count":4,"href":"https:\/\/www.zpk.sk\/index.php?rest_route=\/wp\/v2\/pages\/72\/revisions"}],"predecessor-version":[{"id":266,"href":"https:\/\/www.zpk.sk\/index.php?rest_route=\/wp\/v2\/pages\/72\/revisions\/266"}],"up":[{"embeddable":true,"href":"https:\/\/www.zpk.sk\/index.php?rest_route=\/wp\/v2\/pages\/52"}],"wp:attachment":[{"href":"https:\/\/www.zpk.sk\/index.php?rest_route=%2Fwp%2Fv2%2Fmedia&parent=72"}],"curies":[{"name":"wp","href":"https:\/\/api.w.org\/{rel}","templated":true}]}}