{"id":76,"date":"2019-10-02T14:15:22","date_gmt":"2019-10-02T14:15:22","guid":{"rendered":"http:\/\/www.zpk.sk\/?page_id=76"},"modified":"2020-03-04T13:44:00","modified_gmt":"2020-03-04T13:44:00","slug":"ako-sa-stat-clenom-zpk","status":"publish","type":"page","link":"https:\/\/www.zpk.sk\/?page_id=76","title":{"rendered":"Ako sa sta\u0165 \u010dlenom ZPK"},"content":{"rendered":"<p>[vc_row][vc_column][vc_column_text]<\/p>\n<h3 style=\"text-align: center;\">Ako sa sta\u0165 \u010dlenom ZPK<\/h3>\n<p>[\/vc_column_text][\/vc_column][\/vc_row][vc_row][vc_column][vc_column_text]<\/p>\n<p>O \u010dlenstvo v zdru\u017een\u00ed ZPK mo\u017eno po\u017eiada\u0165 kedyko\u013evek zaslan\u00edm \u017eiadosti o \u010dlenstvo do kancel\u00e1rie ZPK, alebo po\u017eiada\u0165 telefonicky u tajomn\u00ed\u010dky zdru\u017eenia.<\/p>\n<p>Vzor \u017eiadosti si m\u00f4\u017eete stiahnu\u0165 v sekcii &#8222;Na stiahnutie&#8220;.<\/p>\n<p>[\/vc_column_text][\/vc_column][\/vc_row][vc_row][vc_column][\/vc_column][\/vc_row]<\/p>\n","protected":false},"excerpt":{"rendered":"<p>[vc_row][vc_column][vc_column_text] Ako sa sta\u0165 \u010dlenom ZPK [\/vc_column_text][\/vc_column][\/vc_row][vc_row][vc_column][vc_column_text] O \u010dlenstvo v zdru\u017een\u00ed ZPK mo\u017eno po\u017eiada\u0165 kedyko\u013evek zaslan\u00edm \u017eiadosti o \u010dlenstvo do kancel\u00e1rie ZPK, alebo po\u017eiada\u0165 telefonicky u tajomn\u00ed\u010dky zdru\u017eenia. Vzor \u017eiadosti si m\u00f4\u017eete stiahnu\u0165 v sekcii &#8222;Na stiahnutie&#8220;. [\/vc_column_text][\/vc_column][\/vc_row][vc_row][vc_column][\/vc_column][\/vc_row]<\/p>\n","protected":false},"author":1,"featured_media":0,"parent":52,"menu_order":0,"comment_status":"closed","ping_status":"closed","template":"","meta":{"footnotes":""},"class_list":["post-76","page","type-page","status-publish","hentry"],"_links":{"self":[{"href":"https:\/\/www.zpk.sk\/index.php?rest_route=\/wp\/v2\/pages\/76","targetHints":{"allow":["GET"]}}],"collection":[{"href":"https:\/\/www.zpk.sk\/index.php?rest_route=\/wp\/v2\/pages"}],"about":[{"href":"https:\/\/www.zpk.sk\/index.php?rest_route=\/wp\/v2\/types\/page"}],"author":[{"embeddable":true,"href":"https:\/\/www.zpk.sk\/index.php?rest_route=\/wp\/v2\/users\/1"}],"replies":[{"embeddable":true,"href":"https:\/\/www.zpk.sk\/index.php?rest_route=%2Fwp%2Fv2%2Fcomments&post=76"}],"version-history":[{"count":6,"href":"https:\/\/www.zpk.sk\/index.php?rest_route=\/wp\/v2\/pages\/76\/revisions"}],"predecessor-version":[{"id":412,"href":"https:\/\/www.zpk.sk\/index.php?rest_route=\/wp\/v2\/pages\/76\/revisions\/412"}],"up":[{"embeddable":true,"href":"https:\/\/www.zpk.sk\/index.php?rest_route=\/wp\/v2\/pages\/52"}],"wp:attachment":[{"href":"https:\/\/www.zpk.sk\/index.php?rest_route=%2Fwp%2Fv2%2Fmedia&parent=76"}],"curies":[{"name":"wp","href":"https:\/\/api.w.org\/{rel}","templated":true}]}}