{"id":78,"date":"2019-10-02T14:16:22","date_gmt":"2019-10-02T14:16:22","guid":{"rendered":"http:\/\/www.zpk.sk\/?page_id=78"},"modified":"2024-10-29T10:49:24","modified_gmt":"2024-10-29T10:49:24","slug":"predsednictvo-zpk-zdruzenie-prevadzkovatelov-kin","status":"publish","type":"page","link":"https:\/\/www.zpk.sk\/?page_id=78","title":{"rendered":"Predsedn\u00edctvo ZPK Zdru\u017eenie prev\u00e1dzkovate\u013eov k\u00edn"},"content":{"rendered":"<p>[vc_row][vc_column][vc_column_text]<\/p>\n<h2>Predsedn\u00edctvo ZPK<\/h2>\n<p><strong>Predsedky\u0148a:<\/strong><br \/>\nNata\u0161a Simonkov\u00e1 &#8211;\u00a0multikino Golden Apple Cinema Liptovsk\u00fd Mikul\u00e1\u0161<\/p>\n<p><strong>Podpredseda:<\/strong><br \/>\nIng. Michal Drobn\u00fd \u2013 Cinemax \u2013 sie\u0165 viacs\u00e1lov\u00fdcjh k\u00edn<\/p>\n<p><strong>\u010clenovia:<br \/>\n<\/strong>\u013dubom\u00edr Be\u0148o \u2013 Panoramatick\u00e9 kino Partiz\u00e1nske<br \/>\nMgr. art. Peter Dubeck\u00fd \u2013 kino Lumi\u00e9re Bratislava<strong><br \/>\n<\/strong>Rastislav Marko &#8211; kino Akademik Bansk\u00e1 \u0160tiavnica<br \/>\nMgr. Libor Ondrej\u010d\u00edk \u2013 kino Mier Nov\u00e9 Z\u00e1mky<br \/>\nJozef Valachovi\u010d &#8211; kino Font\u00e1na Pie\u0161\u0165any<\/p>\n<h2>Rev\u00edzna komisia<\/h2>\n<p><strong>Predseda:<\/strong><br \/>\nDu\u0161an Luk\u00e1\u010d \u2013 Mlyny Cinemas Nitra<\/p>\n<p><strong>\u010clenovia:<\/strong><br \/>\nZuzana Hur\u0148ansk\u00e1 \u2013 kino Nicolaus Liptovsk\u00fd Mikul\u00e1\u0161<br \/>\nZuzana V\u00e1lek Podolsk\u00e1 &#8211; kino Mier Senec<\/p>\n<p><strong>Tajomn\u00edk ZPK:<\/strong><br \/>\nIng. Miroslava Bartovicov\u00e1 &#8211; kino DK \u0160a\u013ea[\/vc_column_text][\/vc_column][\/vc_row]<\/p>\n","protected":false},"excerpt":{"rendered":"<p>[vc_row][vc_column][vc_column_text] Predsedn\u00edctvo ZPK Predsedky\u0148a: Nata\u0161a Simonkov\u00e1 &#8211;\u00a0multikino Golden Apple Cinema Liptovsk\u00fd Mikul\u00e1\u0161 Podpredseda: Ing. Michal Drobn\u00fd \u2013 Cinemax \u2013 sie\u0165 viacs\u00e1lov\u00fdcjh k\u00edn \u010clenovia: \u013dubom\u00edr Be\u0148o \u2013 Panoramatick\u00e9 kino Partiz\u00e1nske Mgr. art. Peter Dubeck\u00fd \u2013 kino Lumi\u00e9re Bratislava Rastislav Marko &#8211; kino Akademik Bansk\u00e1 \u0160tiavnica Mgr. Libor Ondrej\u010d\u00edk \u2013 kino Mier Nov\u00e9 Z\u00e1mky Jozef Valachovi\u010d &#8211;&#8230; <\/p>\n<div class=\"clear\"><\/div>\n<p><a href=\"https:\/\/www.zpk.sk\/?page_id=78\" class=\"gdlr-button without-border excerpt-read-more\">Read More<\/a><\/p>\n","protected":false},"author":1,"featured_media":0,"parent":52,"menu_order":0,"comment_status":"closed","ping_status":"closed","template":"","meta":{"footnotes":""},"class_list":["post-78","page","type-page","status-publish","hentry"],"_links":{"self":[{"href":"https:\/\/www.zpk.sk\/index.php?rest_route=\/wp\/v2\/pages\/78","targetHints":{"allow":["GET"]}}],"collection":[{"href":"https:\/\/www.zpk.sk\/index.php?rest_route=\/wp\/v2\/pages"}],"about":[{"href":"https:\/\/www.zpk.sk\/index.php?rest_route=\/wp\/v2\/types\/page"}],"author":[{"embeddable":true,"href":"https:\/\/www.zpk.sk\/index.php?rest_route=\/wp\/v2\/users\/1"}],"replies":[{"embeddable":true,"href":"https:\/\/www.zpk.sk\/index.php?rest_route=%2Fwp%2Fv2%2Fcomments&post=78"}],"version-history":[{"count":5,"href":"https:\/\/www.zpk.sk\/index.php?rest_route=\/wp\/v2\/pages\/78\/revisions"}],"predecessor-version":[{"id":652,"href":"https:\/\/www.zpk.sk\/index.php?rest_route=\/wp\/v2\/pages\/78\/revisions\/652"}],"up":[{"embeddable":true,"href":"https:\/\/www.zpk.sk\/index.php?rest_route=\/wp\/v2\/pages\/52"}],"wp:attachment":[{"href":"https:\/\/www.zpk.sk\/index.php?rest_route=%2Fwp%2Fv2%2Fmedia&parent=78"}],"curies":[{"name":"wp","href":"https:\/\/api.w.org\/{rel}","templated":true}]}}