{"id":83,"date":"2019-10-02T14:18:32","date_gmt":"2019-10-02T14:18:32","guid":{"rendered":"http:\/\/www.zpk.sk\/?page_id=83"},"modified":"2019-10-05T11:14:50","modified_gmt":"2019-10-05T11:14:50","slug":"pre-kina","status":"publish","type":"page","link":"https:\/\/www.zpk.sk\/?page_id=83","title":{"rendered":"Pre kin\u00e1"},"content":{"rendered":"<p>[vc_row][vc_column][vc_column_text]<\/p>\n<h3 style=\"text-align: center;\">Pre kin\u00e1<\/h3>\n<p>[\/vc_column_text][\/vc_column][\/vc_row][vc_row][vc_column][vc_column_text]<\/p>\n<h5 style=\"text-align: center;\">Pod\u013ea stanov Zdru\u017eenie prev\u00e1dzkovate\u013eov k\u00edn bude ZPK najm\u00e4 chr\u00e1ni\u0165 z\u00e1ujmy prev\u00e1dzkovate\u013eov k\u00edn na Slovensku, ale aj sprostredkuje komunik\u00e1ciu s filmov\u00fdmi distribu\u010dn\u00fdmi spolo\u010dnos\u0165ami, audiovizu\u00e1lnym fondom, ministerstvom kult\u00fary, autorsk\u00fdmi zv\u00e4zmi, \u010di \u010fal\u0161\u00edmi nielen slovensk\u00fdmi subjektmi v audiov\u00edzi\u00ed.<\/h5>\n<p>[\/vc_column_text][\/vc_column][\/vc_row]<\/p>\n","protected":false},"excerpt":{"rendered":"<p>[vc_row][vc_column][vc_column_text] Pre kin\u00e1 [\/vc_column_text][\/vc_column][\/vc_row][vc_row][vc_column][vc_column_text] Pod\u013ea stanov Zdru\u017eenie prev\u00e1dzkovate\u013eov k\u00edn bude ZPK najm\u00e4 chr\u00e1ni\u0165 z\u00e1ujmy prev\u00e1dzkovate\u013eov k\u00edn na Slovensku, ale aj sprostredkuje komunik\u00e1ciu s filmov\u00fdmi distribu\u010dn\u00fdmi spolo\u010dnos\u0165ami, audiovizu\u00e1lnym fondom, ministerstvom kult\u00fary, autorsk\u00fdmi zv\u00e4zmi, \u010di \u010fal\u0161\u00edmi nielen slovensk\u00fdmi subjektmi v audiov\u00edzi\u00ed. [\/vc_column_text][\/vc_column][\/vc_row]<\/p>\n","protected":false},"author":1,"featured_media":0,"parent":0,"menu_order":0,"comment_status":"closed","ping_status":"closed","template":"","meta":{"footnotes":""},"class_list":["post-83","page","type-page","status-publish","hentry"],"_links":{"self":[{"href":"https:\/\/www.zpk.sk\/index.php?rest_route=\/wp\/v2\/pages\/83","targetHints":{"allow":["GET"]}}],"collection":[{"href":"https:\/\/www.zpk.sk\/index.php?rest_route=\/wp\/v2\/pages"}],"about":[{"href":"https:\/\/www.zpk.sk\/index.php?rest_route=\/wp\/v2\/types\/page"}],"author":[{"embeddable":true,"href":"https:\/\/www.zpk.sk\/index.php?rest_route=\/wp\/v2\/users\/1"}],"replies":[{"embeddable":true,"href":"https:\/\/www.zpk.sk\/index.php?rest_route=%2Fwp%2Fv2%2Fcomments&post=83"}],"version-history":[{"count":5,"href":"https:\/\/www.zpk.sk\/index.php?rest_route=\/wp\/v2\/pages\/83\/revisions"}],"predecessor-version":[{"id":404,"href":"https:\/\/www.zpk.sk\/index.php?rest_route=\/wp\/v2\/pages\/83\/revisions\/404"}],"wp:attachment":[{"href":"https:\/\/www.zpk.sk\/index.php?rest_route=%2Fwp%2Fv2%2Fmedia&parent=83"}],"curies":[{"name":"wp","href":"https:\/\/api.w.org\/{rel}","templated":true}]}}