{"id":85,"date":"2019-10-02T14:18:55","date_gmt":"2019-10-02T14:18:55","guid":{"rendered":"http:\/\/www.zpk.sk\/?page_id=85"},"modified":"2024-11-12T14:06:01","modified_gmt":"2024-11-12T14:06:01","slug":"zoznam-reviznych-technikov","status":"publish","type":"page","link":"https:\/\/www.zpk.sk\/?page_id=85","title":{"rendered":"Zoznam rev\u00edznych technikov"},"content":{"rendered":"<p>[vc_row][vc_column][vc_column_text]<\/p>\n<h3 style=\"text-align: left;\">Zoznam rev\u00edznych technikov<\/h3>\n<p>[\/vc_column_text][\/vc_column][\/vc_row][vc_row][vc_column width=&#8220;1\/2&#8243;][vc_column_text]<strong>Kinoservis s. r. o.<\/strong><\/p>\n<p>(aj servis 35 mm premietac\u00edch zariaden\u00ed)<br \/>\nFilmov\u00e1 174, Zl\u00edn, \u010cR<br \/>\n+420 604 425 664<br \/>\ntomas.sokol@kinoservis.eu<br \/>\n<a href=\"http:\/\/kinoservis.eu\/\">http:\/\/kinoservis.eu<\/a>[\/vc_column_text][\/vc_column][vc_column width=&#8220;1\/2&#8243;][vc_column_text]<strong>Audiomaster s. r. o.<\/strong><\/p>\n<p><em>predaj, servis a pren\u00e1jom audiovizu\u00e1lnej techniky<\/em><br \/>\nDostojevsk\u00e9ho 10, Nov\u00e9 Z\u00e1mky<br \/>\n+421 35 640 19 15<br \/>\ninfo@audiomaster.sk<br \/>\n<a href=\"http:\/\/www.audiomaster.sk\/\">http:\/\/www.audiomaster.sk<\/a>[\/vc_column_text][\/vc_column][\/vc_row][vc_row][vc_column width=&#8220;1\/2&#8243;][vc_column_text]<strong>KTC Ko\u0161ice s. r. o.<\/strong><\/p>\n<p>(servis 35mm premietac\u00edch zariaden\u00ed)<br \/>\nHrani\u010dn\u00e1 1, Ko\u0161ice<br \/>\nkacmar.kosice@gmail.com[\/vc_column_text][\/vc_column][vc_column width=&#8220;1\/2&#8243;][vc_column_text]<strong>AV MEDIA SYSTEMS, a. s.<\/strong><\/p>\n<p><em>predaj, servis a pren\u00e1jom audiovizu\u00e1lnej techniky<\/em><br \/>\nPra\u017esk\u00e1 1335\/63, 102 00 Praha 10<br \/>\ntel.: +420 261 260 218<br \/>\n<a href=\"https:\/\/www.avmedia.cz\/\">www.avmedia.cz<\/a>[\/vc_column_text][\/vc_column][\/vc_row][vc_row][vc_column width=&#8220;1\/2&#8243;][vc_column_text]<strong>OPTIO s. r. o.<br \/>\n<\/strong><strong><br \/>\n<\/strong><em>predaj, servis a pren\u00e1jom audiovizu\u00e1lnej techniky<\/em><br \/>\nRo\u017e\u0148avsk\u00e1 22, 821 04 Bratislava<br \/>\noptio@optio.com<br \/>\n<a href=\"https:\/\/optio.sk\/\">www.optio.sk<\/a>[\/vc_column_text][\/vc_column][vc_column width=&#8220;1\/2&#8243;][\/vc_column][\/vc_row]<\/p>\n","protected":false},"excerpt":{"rendered":"<p>[vc_row][vc_column][vc_column_text] Zoznam rev\u00edznych technikov [\/vc_column_text][\/vc_column][\/vc_row][vc_row][vc_column width=&#8220;1\/2&#8243;][vc_column_text]Kinoservis s. r. o. (aj servis 35 mm premietac\u00edch zariaden\u00ed) Filmov\u00e1 174, Zl\u00edn, \u010cR +420 604 425 664 tomas.sokol@kinoservis.eu http:\/\/kinoservis.eu[\/vc_column_text][\/vc_column][vc_column width=&#8220;1\/2&#8243;][vc_column_text]Audiomaster s. r. o. predaj, servis a pren\u00e1jom audiovizu\u00e1lnej techniky Dostojevsk\u00e9ho 10, Nov\u00e9 Z\u00e1mky +421 35 640 19 15 info@audiomaster.sk http:\/\/www.audiomaster.sk[\/vc_column_text][\/vc_column][\/vc_row][vc_row][vc_column width=&#8220;1\/2&#8243;][vc_column_text]KTC Ko\u0161ice s. r. o. (servis 35mm premietac\u00edch zariaden\u00ed)&#8230; <\/p>\n<div class=\"clear\"><\/div>\n<p><a href=\"https:\/\/www.zpk.sk\/?page_id=85\" class=\"gdlr-button without-border excerpt-read-more\">Read More<\/a><\/p>\n","protected":false},"author":1,"featured_media":0,"parent":83,"menu_order":0,"comment_status":"closed","ping_status":"closed","template":"","meta":{"footnotes":""},"class_list":["post-85","page","type-page","status-publish","hentry"],"_links":{"self":[{"href":"https:\/\/www.zpk.sk\/index.php?rest_route=\/wp\/v2\/pages\/85","targetHints":{"allow":["GET"]}}],"collection":[{"href":"https:\/\/www.zpk.sk\/index.php?rest_route=\/wp\/v2\/pages"}],"about":[{"href":"https:\/\/www.zpk.sk\/index.php?rest_route=\/wp\/v2\/types\/page"}],"author":[{"embeddable":true,"href":"https:\/\/www.zpk.sk\/index.php?rest_route=\/wp\/v2\/users\/1"}],"replies":[{"embeddable":true,"href":"https:\/\/www.zpk.sk\/index.php?rest_route=%2Fwp%2Fv2%2Fcomments&post=85"}],"version-history":[{"count":11,"href":"https:\/\/www.zpk.sk\/index.php?rest_route=\/wp\/v2\/pages\/85\/revisions"}],"predecessor-version":[{"id":666,"href":"https:\/\/www.zpk.sk\/index.php?rest_route=\/wp\/v2\/pages\/85\/revisions\/666"}],"up":[{"embeddable":true,"href":"https:\/\/www.zpk.sk\/index.php?rest_route=\/wp\/v2\/pages\/83"}],"wp:attachment":[{"href":"https:\/\/www.zpk.sk\/index.php?rest_route=%2Fwp%2Fv2%2Fmedia&parent=85"}],"curies":[{"name":"wp","href":"https:\/\/api.w.org\/{rel}","templated":true}]}}