{"id":93,"date":"2019-10-02T14:22:55","date_gmt":"2019-10-02T14:22:55","guid":{"rendered":"http:\/\/www.zpk.sk\/?page_id=93"},"modified":"2024-11-22T08:59:48","modified_gmt":"2024-11-22T08:59:48","slug":"odkazy-na-dolezite-institucie","status":"publish","type":"page","link":"https:\/\/www.zpk.sk\/?page_id=93","title":{"rendered":"Odkazy na d\u00f4le\u017eit\u00e9 in\u0161tit\u00facie"},"content":{"rendered":"<p>[vc_row][vc_column][vc_column_text]<\/p>\n<h3 style=\"text-align: center;\">Odkazy na d\u00f4le\u017eit\u00e9 in\u0161tit\u00facie<\/h3>\n<p>[\/vc_column_text][\/vc_column][\/vc_row][vc_row][vc_column][vc_column_text]<strong>Slovensk\u00fd ochrann\u00fd zv\u00e4z autorsk\u00fd<br \/>\n<\/strong><a href=\"http:\/\/www.soza.sk\/\" target=\"_blank\" rel=\"noreferrer noopener\">http:\/\/www.soza.sk<\/a><\/p>\n<p><strong>Audiovizu\u00e1lny fond<br \/>\n<\/strong><a href=\"http:\/\/www.avf.sk\/\" target=\"_blank\" rel=\"noreferrer noopener\">http:\/\/www.avf.sk<\/a><\/p>\n<p><strong>Ministerstvo kult\u00fary<br \/>\n<\/strong><a href=\"http:\/\/www.bontonfilm.sk\/\" target=\"_blank\" rel=\"noreferrer noopener\">www.mksr.sk<\/a><\/p>\n<p><strong>Slovensk\u00fd filmov\u00fd \u00fastav<\/strong><br \/>\n<a href=\"https:\/\/sfu.sk\/\">www.sfu.sk<\/a><\/p>\n<p><strong>Ministerstvo kult\u00fary SR<\/strong><br \/>\n<a href=\"https:\/\/www.culture.gov.sk\/\">https:\/\/www.culture.gov.sk\/<\/a><\/p>\n<p><strong>Europa Cinemas<\/strong><br \/>\n<a href=\"https:\/\/www.europa-cinemas.org\/en\">www.europa-cinemas.org<\/a><\/p>\n<p><strong>Digit\u00e1lne kino<\/strong><br \/>\n<a href=\"https:\/\/digitalnikino.cz\/\">www.digitalnikino.cz<\/a><\/p>\n<p><strong>Nov\u00e9 kino<\/strong><br \/>\n<a href=\"https:\/\/www.novekino.cz\/\">www.novekino.cz<\/a><\/p>\n<p><strong>Digital Cinema Initiatives (DCI)<\/strong><br \/>\n<a href=\"https:\/\/www.dcimovies.com\/\">www.dcimovies.com<\/a><\/p>\n<p><strong>N\u00e1rodn\u00ed filmov\u00fd archiv <\/strong>&#8211; mo\u017enosti kurzov pre premieta\u010dov<br \/>\n<a href=\"https:\/\/nfa.cz\/cs\">www.nfa.cz<\/a>[\/vc_column_text][\/vc_column][\/vc_row]<\/p>\n","protected":false},"excerpt":{"rendered":"<p>[vc_row][vc_column][vc_column_text] Odkazy na d\u00f4le\u017eit\u00e9 in\u0161tit\u00facie [\/vc_column_text][\/vc_column][\/vc_row][vc_row][vc_column][vc_column_text]Slovensk\u00fd ochrann\u00fd zv\u00e4z autorsk\u00fd http:\/\/www.soza.sk Audiovizu\u00e1lny fond http:\/\/www.avf.sk Ministerstvo kult\u00fary www.mksr.sk Slovensk\u00fd filmov\u00fd \u00fastav www.sfu.sk Ministerstvo kult\u00fary SR https:\/\/www.culture.gov.sk\/ Europa Cinemas www.europa-cinemas.org Digit\u00e1lne kino www.digitalnikino.cz Nov\u00e9 kino www.novekino.cz Digital Cinema Initiatives (DCI) www.dcimovies.com N\u00e1rodn\u00ed filmov\u00fd archiv &#8211; mo\u017enosti kurzov pre premieta\u010dov www.nfa.cz[\/vc_column_text][\/vc_column][\/vc_row]<\/p>\n","protected":false},"author":1,"featured_media":0,"parent":83,"menu_order":0,"comment_status":"closed","ping_status":"closed","template":"","meta":{"footnotes":""},"class_list":["post-93","page","type-page","status-publish","hentry"],"_links":{"self":[{"href":"https:\/\/www.zpk.sk\/index.php?rest_route=\/wp\/v2\/pages\/93","targetHints":{"allow":["GET"]}}],"collection":[{"href":"https:\/\/www.zpk.sk\/index.php?rest_route=\/wp\/v2\/pages"}],"about":[{"href":"https:\/\/www.zpk.sk\/index.php?rest_route=\/wp\/v2\/types\/page"}],"author":[{"embeddable":true,"href":"https:\/\/www.zpk.sk\/index.php?rest_route=\/wp\/v2\/users\/1"}],"replies":[{"embeddable":true,"href":"https:\/\/www.zpk.sk\/index.php?rest_route=%2Fwp%2Fv2%2Fcomments&post=93"}],"version-history":[{"count":4,"href":"https:\/\/www.zpk.sk\/index.php?rest_route=\/wp\/v2\/pages\/93\/revisions"}],"predecessor-version":[{"id":668,"href":"https:\/\/www.zpk.sk\/index.php?rest_route=\/wp\/v2\/pages\/93\/revisions\/668"}],"up":[{"embeddable":true,"href":"https:\/\/www.zpk.sk\/index.php?rest_route=\/wp\/v2\/pages\/83"}],"wp:attachment":[{"href":"https:\/\/www.zpk.sk\/index.php?rest_route=%2Fwp%2Fv2%2Fmedia&parent=93"}],"curies":[{"name":"wp","href":"https:\/\/api.w.org\/{rel}","templated":true}]}}