{"id":95,"date":"2019-10-02T14:23:21","date_gmt":"2019-10-02T14:23:21","guid":{"rendered":"http:\/\/www.zpk.sk\/?page_id=95"},"modified":"2025-10-02T07:23:53","modified_gmt":"2025-10-02T07:23:53","slug":"fotogaleria","status":"publish","type":"page","link":"https:\/\/www.zpk.sk\/?page_id=95","title":{"rendered":"Fotogal\u00e9ria"},"content":{"rendered":"<p>[vc_row][vc_column][vc_gallery type=&#8220;nivo&#8220; interval=&#8220;3&#8243; images=&#8220;573,574,575,577,576,578,579,580,581,582,583,584,585,586,587,588,589,590,591,592,593,594,595,596,597,598,599&#8243; img_size=&#8220;full&#8220; title=&#8220;Konferencia Zdru\u017eenia prev\u00e1dzkovate\u013eov k\u00edn a \u00danie filmov\u00fdch distrib\u00fatorov (28. a 29.9.2022, Liptovsk\u00fd J\u00e1n)&#8220;][vc_gallery type=&#8220;nivo&#8220; interval=&#8220;3&#8243; images=&#8220;725,726,727,728,729,730,731,732,733,734,735,736,737,738&#8243; img_size=&#8220;full&#8220; title=&#8220;Konferencia Zdru\u017eenia prev\u00e1dzkovate\u013eov k\u00edn a \u00danie filmov\u00fdch distrib\u00fatorov (27. a 28.9.2023, Liptovsk\u00fd J\u00e1n)&#8220;][vc_gallery type=&#8220;nivo&#8220; interval=&#8220;3&#8243; images=&#8220;711,712,713,714,715,716,717,718,719,720,721,722,723,724&#8243; img_size=&#8220;full&#8220; title=&#8220;Konferencia Zdru\u017eenia prev\u00e1dzkovate\u013eov k\u00edn a \u00danie filmov\u00fdch distrib\u00fatorov (16. a 17.10.2024, Liptovsk\u00fd J\u00e1n)&#8220;][vc_gallery type=&#8220;nivo&#8220; interval=&#8220;3&#8243; images=&#8220;849,850,851,852,853,854,855,856,857,858,859,860,861,862,863,864,865,866,867,868,869,870,871,872,873,874,875,876,877,878,879,880,881,882,883,884,885,886,887,888,889,890,891,892,893,894,895,896,897,898,899,900,901,902,903,904,905,906,907,908,909,910,911,912,913,914,915,916,917,918,919,920,921,922,923,924,925,926,927,928,929,930,931,932,933,934,935,936,937,938,939,940,941,942,943,944,945,946,947,948,949,950,951,952,953,954,955,956,957,958,959,960,961,962,963,964,965,966,967,968,969,970,971,972,973,974,975,976,977,978,979,980,981,982,983,984,985,986,987,988,989,990,991,992,993,994,995,996,997,998&#8243; title=&#8220;Konferencia Zdru\u017eenia prev\u00e1dzkovate\u013eov k\u00edn a \u00danie filmov\u00fdch distrib\u00fatorov (23.-25.9.2025, Dem\u00e4nov\u00e1)&#8220;][\/vc_column][\/vc_row]<\/p>\n","protected":false},"excerpt":{"rendered":"<p>[vc_row][vc_column][vc_gallery type=&#8220;nivo&#8220; interval=&#8220;3&#8243; images=&#8220;573,574,575,577,576,578,579,580,581,582,583,584,585,586,587,588,589,590,591,592,593,594,595,596,597,598,599&#8243; img_size=&#8220;full&#8220; title=&#8220;Konferencia Zdru\u017eenia prev\u00e1dzkovate\u013eov k\u00edn a \u00danie filmov\u00fdch distrib\u00fatorov (28. a 29.9.2022, Liptovsk\u00fd J\u00e1n)&#8220;][vc_gallery type=&#8220;nivo&#8220; interval=&#8220;3&#8243; images=&#8220;725,726,727,728,729,730,731,732,733,734,735,736,737,738&#8243; img_size=&#8220;full&#8220; title=&#8220;Konferencia Zdru\u017eenia prev\u00e1dzkovate\u013eov k\u00edn a \u00danie filmov\u00fdch distrib\u00fatorov (27. a 28.9.2023, Liptovsk\u00fd J\u00e1n)&#8220;][vc_gallery type=&#8220;nivo&#8220; interval=&#8220;3&#8243; images=&#8220;711,712,713,714,715,716,717,718,719,720,721,722,723,724&#8243; img_size=&#8220;full&#8220; title=&#8220;Konferencia Zdru\u017eenia prev\u00e1dzkovate\u013eov k\u00edn a \u00danie filmov\u00fdch distrib\u00fatorov (16. a 17.10.2024, Liptovsk\u00fd J\u00e1n)&#8220;][vc_gallery type=&#8220;nivo&#8220; interval=&#8220;3&#8243; images=&#8220;849,850,851,852,853,854,855,856,857,858,859,860,861,862,863,864,865,866,867,868,869,870,871,872,873,874,875,876,877,878,879,880,881,882,883,884,885,886,887,888,889,890,891,892,893,894,895,896,897,898,899,900,901,902,903,904,905,906,907,908,909,910,911,912,913,914,915,916,917,918,919,920,921,922,923,924,925,926,927,928,929,930,931,932,933,934,935,936,937,938,939,940,941,942,943,944,945,946,947,948,949,950,951,952,953,954,955,956,957,958,959,960,961,962,963,964,965,966,967,968,969,970,971,972,973,974,975,976,977,978,979,980,981,982,983,984,985,986,987,988,989,990,991,992,993,994,995,996,997,998&#8243;&#8230; <\/p>\n<div class=\"clear\"><\/div>\n<p><a href=\"https:\/\/www.zpk.sk\/?page_id=95\" class=\"gdlr-button without-border excerpt-read-more\">Read More<\/a><\/p>\n","protected":false},"author":1,"featured_media":0,"parent":0,"menu_order":0,"comment_status":"closed","ping_status":"closed","template":"","meta":{"footnotes":""},"class_list":["post-95","page","type-page","status-publish","hentry"],"_links":{"self":[{"href":"https:\/\/www.zpk.sk\/index.php?rest_route=\/wp\/v2\/pages\/95","targetHints":{"allow":["GET"]}}],"collection":[{"href":"https:\/\/www.zpk.sk\/index.php?rest_route=\/wp\/v2\/pages"}],"about":[{"href":"https:\/\/www.zpk.sk\/index.php?rest_route=\/wp\/v2\/types\/page"}],"author":[{"embeddable":true,"href":"https:\/\/www.zpk.sk\/index.php?rest_route=\/wp\/v2\/users\/1"}],"replies":[{"embeddable":true,"href":"https:\/\/www.zpk.sk\/index.php?rest_route=%2Fwp%2Fv2%2Fcomments&post=95"}],"version-history":[{"count":11,"href":"https:\/\/www.zpk.sk\/index.php?rest_route=\/wp\/v2\/pages\/95\/revisions"}],"predecessor-version":[{"id":999,"href":"https:\/\/www.zpk.sk\/index.php?rest_route=\/wp\/v2\/pages\/95\/revisions\/999"}],"wp:attachment":[{"href":"https:\/\/www.zpk.sk\/index.php?rest_route=%2Fwp%2Fv2%2Fmedia&parent=95"}],"curies":[{"name":"wp","href":"https:\/\/api.w.org\/{rel}","templated":true}]}}